{"id":5963,"date":"2024-03-18T19:29:03","date_gmt":"2024-03-18T18:29:03","guid":{"rendered":"https:\/\/sidi.devokind.tech\/?page_id=5963"},"modified":"2024-06-11T12:54:05","modified_gmt":"2024-06-11T10:54:05","slug":"nos-programmes","status":"publish","type":"page","link":"https:\/\/sidi.devokind.tech\/en\/nos-programmes\/","title":{"rendered":"Nos Programmes"},"content":{"rendered":"<div data-elementor-type=\"wp-page\" data-elementor-id=\"5963\" class=\"elementor elementor-5963\">\n\t\t\t\t\t\t<section class=\"elementor-section elementor-top-section elementor-element elementor-element-7db11f0 elementor-section-boxed elementor-section-height-default elementor-section-height-default\" data-id=\"7db11f0\" data-element_type=\"section\">\n\t\t\t\t\t\t<div class=\"elementor-container elementor-column-gap-default\">\n\t\t\t\t\t<div class=\"elementor-column elementor-col-100 elementor-top-column elementor-element elementor-element-e4c29f0\" data-id=\"e4c29f0\" data-element_type=\"column\">\n\t\t\t<div class=\"elementor-widget-wrap elementor-element-populated\">\n\t\t\t\t\t\t<div class=\"elementor-element elementor-element-648d510 elementor-widget elementor-widget-ova_apartment\" data-id=\"648d510\" data-element_type=\"widget\" data-widget_type=\"ova_apartment.default\">\n\t\t\t\t<div class=\"elementor-widget-container\">\n\t\t\t\n<div class=\"ova-apartment three_column\">\n\n\t\t\n\t\t\t\n<div class=\"ova-apartment-item item-template1\">\n\n\t<div class=\"ova-media\">\n\n\t\t<div class=\"content-front\">\n\n\t\t\t<div class=\"apartment-img\">\n\t\t\t\t<img decoding=\"async\" src=\"https:\/\/sidi.devokind.tech\/wp-content\/uploads\/2024\/09\/Calque-1-768x660.png\" alt=\"Projet Global \u00ab LE REVE\u00a0\u00bb\">\n\t\t\t<\/div>\n            \n            <div class=\"info\">\n                <h3 class=\"title\">\n\t\t\t\t\tProjet Global \u00ab LE REVE\u00a0\u00bb\t\t\t\t<\/h3>\t\n\t\t\t\t\t \t\n            <\/div>\n\n\t    <\/div>\n\n\t    <div class=\"content-back\">\n\n\t    \t\t        \t<a href=\"https:\/\/sidi.devokind.tech\/en\/apartment\/projet-global-le-reve\/\" title=\"Projet Global \u00ab LE REVE\u00a0\u00bb\">\n\t\t    \t\n\n\t\t\t\t<h3 class=\"title\">\n\t\t\t\t\tProjet Global \u00ab LE REVE\u00a0\u00bb\t\t\t\t<\/h3>\n\t\t\t\t\n\t\t\t\t\t\t\t<\/a>\n\t\t    \t\n\n\t\t    \n\t\t\t\n\t        \t<a href=\"https:\/\/sidi.devokind.tech\/en\/apartment\/projet-global-le-reve\/\" title=\"Projet Global \u00ab LE REVE\u00a0\u00bb\">\n\t\t\t\t\t<div class=\"icon\">\n\t\t\t\t    \t<i aria-hidden=\"true\" class=\"flaticon flaticon-right-arrow\"><\/i>\t\n\t\t\t\t\t<\/div>\n\t\t\t\t<\/a>\n\t\t\t\t\n\t\t    \t\n\t\t\t\t\n\t    <\/div>\t\n\n\t<\/div>\n\n<\/div>\n\t\t\t\n<div class=\"ova-apartment-item item-template1\">\n\n\t<div class=\"ova-media\">\n\n\t\t<div class=\"content-front\">\n\n\t\t\t<div class=\"apartment-img\">\n\t\t\t\t<img decoding=\"async\" src=\"https:\/\/sidi.devokind.tech\/wp-content\/uploads\/2024\/06\/ivoirebig3-768x660.png\" alt=\"Villa IVOIRE\">\n\t\t\t<\/div>\n            \n            <div class=\"info\">\n                <h3 class=\"title\">\n\t\t\t\t\tVilla IVOIRE\t\t\t\t<\/h3>\t\n\t\t\t\t\t\t\t\t\t\n\t\t        \t\t\t\t\t\t\t\t\t\n\t\t\t\t\t\t\t\t\t\t\t\t\t\t\t<span class=\"info-list-item-fixed\">\t\t\n\t\t\t\t\t\t\t\t\t4 \t\t\t\t\t\t\t\t<\/span>\n\t\t\t\t\t\t\t\t\t\t\t\t\t\t\n\t\t\t\t\t\t\t\t\t\t\t\t\t\n\t\t\t\t\t\t\t\t\t\t\t\t\t\t\t\t\t\t\t\t\t\t<span class=\"info-list-item\">\t\t\n\t\t\t\t\t\t\t\t\t1 Home stay\t\t\t\t\t\t\t\t<\/span>\n\t\t\t\t\t\t\t\n\t\t\t\t\t\t\t\t\t\t\t\t\t\n\t\t\t\t\t\t\t\t\t\t\t\t\t\t\n\t\t\t\t\t\t\t\t\t\t\t\t\t\n\t\t\t\t\t\t\t\t\t\t\t\t\t\t\n\t\t\t\t\t\t\t\t\t\t\t\t\t\n\t\t\t\t\t\t\t\t\t\t\t\t\t\t\n\t\t\t\t\t\t       \n\t\t\t\t\t\n\t\t\t\t\t \t\n            <\/div>\n\n\t    <\/div>\n\n\t    <div class=\"content-back\">\n\n\t    \t\t        \t<a href=\"https:\/\/sidi.devokind.tech\/en\/apartment\/villa-ivoire\/\" title=\"Villa IVOIRE\">\n\t\t    \t\n\n\t\t\t\t<h3 class=\"title\">\n\t\t\t\t\tVilla IVOIRE\t\t\t\t<\/h3>\n\t\t\t\t\n\t\t\t\t\t\t\t<\/a>\n\t\t    \t\n\n\t\t    \n        \t\t                    \n                    <div class=\"item item-0\">\n                    \t\t\t\t\t\t\t\t<span class=\"value\">\n\t\t\t\t\t\t\t\t4\t\t\t\t\t\t\t\t\t\t\t\t\t\t\t<\/span>\n\t\t\t\t\t\t\n\t\t\t\t\t\t\t\t\t\t\t\t\t<span class=\"label\">\n\t\t\t\t\t\t\t\tBedrooms\t\n\t\t\t\t\t\t\t<\/span>\n\t\t\t\t\t\t\t\n\t\t\t\t\t<\/div>\n\n\t\t\t\t                    \n                    <div class=\"item item-1\">\n                    \t\t\t\t\t\t\t\t<span class=\"value\">\n\t\t\t\t\t\t\t\t1\t\t\t\t\t\t\t\t\t\t\t\t\t\t\t<\/span>\n\t\t\t\t\t\t\n\t\t\t\t\t\t\t\t\t\t\t\t\t<span class=\"label\">\n\t\t\t\t\t\t\t\tHome stay\t\n\t\t\t\t\t\t\t<\/span>\n\t\t\t\t\t\t\t\n\t\t\t\t\t<\/div>\n\n\t\t\t\t                    \n                    <div class=\"item item-2\">\n                    \t\t\t\t\t\t\t\t<span class=\"value\">\n\t\t\t\t\t\t\t\t3\t\t\t\t\t\t\t\t\t\t\t\t\t\t\t<\/span>\n\t\t\t\t\t\t\n\t\t\t\t\t\t\t\t\t\t\t\t\t<span class=\"label\">\n\t\t\t\t\t\t\t\tToilets\t\n\t\t\t\t\t\t\t<\/span>\n\t\t\t\t\t\t\t\n\t\t\t\t\t<\/div>\n\n\t\t\t\t\n            \n\t\t\t\n\t        \t<a href=\"https:\/\/sidi.devokind.tech\/en\/apartment\/villa-ivoire\/\" title=\"Villa IVOIRE\">\n\t\t\t\t\t<div class=\"icon\">\n\t\t\t\t    \t<i aria-hidden=\"true\" class=\"flaticon flaticon-right-arrow\"><\/i>\t\n\t\t\t\t\t<\/div>\n\t\t\t\t<\/a>\n\t\t\t\t\n\t\t    \t\n\t\t\t\t\n\t    <\/div>\t\n\n\t<\/div>\n\n<\/div>\n\t\t\t\n<div class=\"ova-apartment-item item-template1\">\n\n\t<div class=\"ova-media\">\n\n\t\t<div class=\"content-front\">\n\n\t\t\t<div class=\"apartment-img\">\n\t\t\t\t<img decoding=\"async\" src=\"https:\/\/sidi.devokind.tech\/wp-content\/uploads\/2024\/06\/VICTORIA_big1-768x660.jpg\" alt=\"Villa VICTORIA\">\n\t\t\t<\/div>\n            \n            <div class=\"info\">\n                <h3 class=\"title\">\n\t\t\t\t\tVilla VICTORIA\t\t\t\t<\/h3>\t\n\t\t\t\t\t\t\t\t\t\n\t\t        \t\t\t\t\t\t\t\t\t\n\t\t\t\t\t\t\t\t\t\t\t\t\t\t\t<span class=\"info-list-item-fixed\">\t\t\n\t\t\t\t\t\t\t\t\t3 \t\t\t\t\t\t\t\t<\/span>\n\t\t\t\t\t\t\t\t\t\t\t\t\t\t\n\t\t\t\t\t\t\t\t\t\t\t\t\t\n\t\t\t\t\t\t\t\t\t\t\t\t\t\t\t\t\t\t\t\t\t\t<span class=\"info-list-item\">\t\t\n\t\t\t\t\t\t\t\t\t1 Home stay\t\t\t\t\t\t\t\t<\/span>\n\t\t\t\t\t\t\t\n\t\t\t\t\t\t\t\t\t\t\t\t\t\n\t\t\t\t\t\t\t\t\t\t\t\t\t\t\n\t\t\t\t\t\t\t\t\t\t\t\t\t\n\t\t\t\t\t\t\t\t\t\t\t\t\t\t\n\t\t\t\t\t\t       \n\t\t\t\t\t\n\t\t\t\t\t \t\n            <\/div>\n\n\t    <\/div>\n\n\t    <div class=\"content-back\">\n\n\t    \t\t        \t<a href=\"https:\/\/sidi.devokind.tech\/en\/apartment\/villa-victoria\/\" title=\"Villa VICTORIA\">\n\t\t    \t\n\n\t\t\t\t<h3 class=\"title\">\n\t\t\t\t\tVilla VICTORIA\t\t\t\t<\/h3>\n\t\t\t\t\n\t\t\t\t\t\t\t<\/a>\n\t\t    \t\n\n\t\t    \n        \t\t                    \n                    <div class=\"item item-0\">\n                    \t\t\t\t\t\t\t\t<span class=\"value\">\n\t\t\t\t\t\t\t\t3\t\t\t\t\t\t\t\t\t\t\t\t\t\t\t<\/span>\n\t\t\t\t\t\t\n\t\t\t\t\t\t\t\t\t\t\t\t\t<span class=\"label\">\n\t\t\t\t\t\t\t\tBedrooms\t\n\t\t\t\t\t\t\t<\/span>\n\t\t\t\t\t\t\t\n\t\t\t\t\t<\/div>\n\n\t\t\t\t                    \n                    <div class=\"item item-1\">\n                    \t\t\t\t\t\t\t\t<span class=\"value\">\n\t\t\t\t\t\t\t\t1\t\t\t\t\t\t\t\t\t\t\t\t\t\t\t<\/span>\n\t\t\t\t\t\t\n\t\t\t\t\t\t\t\t\t\t\t\t\t<span class=\"label\">\n\t\t\t\t\t\t\t\tHome stay\t\n\t\t\t\t\t\t\t<\/span>\n\t\t\t\t\t\t\t\n\t\t\t\t\t<\/div>\n\n\t\t\t\t                    \n                    <div class=\"item item-2\">\n                    \t\t\t\t\t\t\t\t<span class=\"value\">\n\t\t\t\t\t\t\t\t2\t\t\t\t\t\t\t\t\t\t\t\t\t\t\t<\/span>\n\t\t\t\t\t\t\n\t\t\t\t\t\t\t\t\t\t\t\t\t<span class=\"label\">\n\t\t\t\t\t\t\t\tToilets\t\n\t\t\t\t\t\t\t<\/span>\n\t\t\t\t\t\t\t\n\t\t\t\t\t<\/div>\n\n\t\t\t\t\n            \n\t\t\t\n\t        \t<a href=\"https:\/\/sidi.devokind.tech\/en\/apartment\/villa-victoria\/\" title=\"Villa VICTORIA\">\n\t\t\t\t\t<div class=\"icon\">\n\t\t\t\t    \t<i aria-hidden=\"true\" class=\"flaticon flaticon-right-arrow\"><\/i>\t\n\t\t\t\t\t<\/div>\n\t\t\t\t<\/a>\n\t\t\t\t\n\t\t    \t\n\t\t\t\t\n\t    <\/div>\t\n\n\t<\/div>\n\n<\/div>\n\t\t\t\n<div class=\"ova-apartment-item item-template1\">\n\n\t<div class=\"ova-media\">\n\n\t\t<div class=\"content-front\">\n\n\t\t\t<div class=\"apartment-img\">\n\t\t\t\t<img decoding=\"async\" src=\"https:\/\/sidi.devokind.tech\/wp-content\/uploads\/2024\/03\/9-scaled-1-768x660.jpg\" alt=\"Villa BAOBAB Version 2 (A venir)\">\n\t\t\t<\/div>\n            \n            <div class=\"info\">\n                <h3 class=\"title\">\n\t\t\t\t\tVilla BAOBAB Version 2 (A venir)\t\t\t\t<\/h3>\t\n\t\t\t\t\t\t\t\t\t\n\t\t        \t\t\t\t\t\t\t\t\t\n\t\t\t\t\t\t\t\t\t\t\t\t\t\t\t<span class=\"info-list-item-fixed\">\t\t\n\t\t\t\t\t\t\t\t\t4 \t\t\t\t\t\t\t\t<\/span>\n\t\t\t\t\t\t\t\t\t\t\t\t\t\t\n\t\t\t\t\t\t\t\t\t\t\t\t\t\n\t\t\t\t\t\t\t\t\t\t\t\t\t\t\t\t\t\t\t\t\t\t<span class=\"info-list-item\">\t\t\n\t\t\t\t\t\t\t\t\t2 Living rooms\t\t\t\t\t\t\t\t<\/span>\n\t\t\t\t\t\t\t\n\t\t\t\t\t\t\t\t\t\t\t\t\t\n\t\t\t\t\t\t\t\t\t\t\t\t\t\t\n\t\t\t\t\t\t\t\t\t\t\t\t\t\n\t\t\t\t\t\t\t\t\t\t\t\t\t\t\n\t\t\t\t\t\t\t\t\t\t\t\t\t\n\t\t\t\t\t\t\t\t\t\t\t\t\t\t\n\t\t\t\t\t\t\t\t\t\t\t\t\t\n\t\t\t\t\t\t\t\t\t\t\t\t\t\t\n\t\t\t\t\t\t\t\t\t\t\t\t\t\n\t\t\t\t\t\t\t\t\t\t\t\t\t\t\n\t\t\t\t\t\t\t\t\t\t\t\t\t\n\t\t\t\t\t\t\t\t\t\t\t\t\t\t\n\t\t\t\t\t\t       \n\t\t\t\t\t\n\t\t\t\t\t \t\n            <\/div>\n\n\t    <\/div>\n\n\t    <div class=\"content-back\">\n\n\t    \t\t        \t<a href=\"https:\/\/sidi.devokind.tech\/en\/apartment\/villa-baobab-version-2\/\" title=\"Villa BAOBAB Version 2 (A venir)\">\n\t\t    \t\n\n\t\t\t\t<h3 class=\"title\">\n\t\t\t\t\tVilla BAOBAB Version 2 (A venir)\t\t\t\t<\/h3>\n\t\t\t\t\n\t\t\t\t\t\t\t<\/a>\n\t\t    \t\n\n\t\t    \n        \t\t                    \n                    <div class=\"item item-0\">\n                    \t\t\t\t\t\t\t\t<span class=\"value\">\n\t\t\t\t\t\t\t\t4\t\t\t\t\t\t\t\t\t\t\t\t\t\t\t<\/span>\n\t\t\t\t\t\t\n\t\t\t\t\t\t\t\t\t\t\t\t\t<span class=\"label\">\n\t\t\t\t\t\t\t\tBedrooms\t\n\t\t\t\t\t\t\t<\/span>\n\t\t\t\t\t\t\t\n\t\t\t\t\t<\/div>\n\n\t\t\t\t                    \n                    <div class=\"item item-1\">\n                    \t\t\t\t\t\t\t\t<span class=\"value\">\n\t\t\t\t\t\t\t\t2\t\t\t\t\t\t\t\t\t\t\t\t\t\t\t<\/span>\n\t\t\t\t\t\t\n\t\t\t\t\t\t\t\t\t\t\t\t\t<span class=\"label\">\n\t\t\t\t\t\t\t\tLiving rooms\t\n\t\t\t\t\t\t\t<\/span>\n\t\t\t\t\t\t\t\n\t\t\t\t\t<\/div>\n\n\t\t\t\t                    \n                    <div class=\"item item-2\">\n                    \t\t\t\t\t\t\t\t<span class=\"value\">\n\t\t\t\t\t\t\t\t5\t\t\t\t\t\t\t\t\t\t\t\t\t\t\t<\/span>\n\t\t\t\t\t\t\n\t\t\t\t\t\t\t\t\t\t\t\t\t<span class=\"label\">\n\t\t\t\t\t\t\t\tWet rooms\t\n\t\t\t\t\t\t\t<\/span>\n\t\t\t\t\t\t\t\n\t\t\t\t\t<\/div>\n\n\t\t\t\t\n            \n\t\t\t\n\t        \t<a href=\"https:\/\/sidi.devokind.tech\/en\/apartment\/villa-baobab-version-2\/\" title=\"Villa BAOBAB Version 2 (A venir)\">\n\t\t\t\t\t<div class=\"icon\">\n\t\t\t\t    \t<i aria-hidden=\"true\" class=\"flaticon flaticon-right-arrow\"><\/i>\t\n\t\t\t\t\t<\/div>\n\t\t\t\t<\/a>\n\t\t\t\t\n\t\t    \t\n\t\t\t\t\n\t    <\/div>\t\n\n\t<\/div>\n\n<\/div>\n\t\t\t\n<div class=\"ova-apartment-item item-template1\">\n\n\t<div class=\"ova-media\">\n\n\t\t<div class=\"content-front\">\n\n\t\t\t<div class=\"apartment-img\">\n\t\t\t\t<img decoding=\"async\" src=\"https:\/\/sidi.devokind.tech\/wp-content\/uploads\/2024\/05\/villa_11-Photo-768x660.jpg\" alt=\"Villa PALMERA (In progress)\">\n\t\t\t<\/div>\n            \n            <div class=\"info\">\n                <h3 class=\"title\">\n\t\t\t\t\tVilla PALMERA (In progress)\t\t\t\t<\/h3>\t\n\t\t\t\t\t\t\t\t\t\n\t\t        \t\t\t\t\t\t\t\t\t\n\t\t\t\t\t\t\t\t\t\t\t\t\t\t\t<span class=\"info-list-item-fixed\">\t\t\n\t\t\t\t\t\t\t\t\t4 \t\t\t\t\t\t\t\t<\/span>\n\t\t\t\t\t\t\t\t\t\t\t\t\t\t\n\t\t\t\t\t\t\t\t\t\t\t\t\t\n\t\t\t\t\t\t\t\t\t\t\t\t\t\t\t\t\t\t\t\t\t\t<span class=\"info-list-item\">\t\t\n\t\t\t\t\t\t\t\t\t2 Living rooms\t\t\t\t\t\t\t\t<\/span>\n\t\t\t\t\t\t\t\n\t\t\t\t\t\t\t\t\t\t\t\t\t\n\t\t\t\t\t\t\t\t\t\t\t\t\t\t\n\t\t\t\t\t\t\t\t\t\t\t\t\t\n\t\t\t\t\t\t\t\t\t\t\t\t\t\t\n\t\t\t\t\t\t\t\t\t\t\t\t\t\n\t\t\t\t\t\t\t\t\t\t\t\t\t\t\n\t\t\t\t\t\t\t\t\t\t\t\t\t\n\t\t\t\t\t\t\t\t\t\t\t\t\t\t\n\t\t\t\t\t\t\t\t\t\t\t\t\t\n\t\t\t\t\t\t\t\t\t\t\t\t\t\t\n\t\t\t\t\t\t       \n\t\t\t\t\t\n\t\t\t\t\t \t\n            <\/div>\n\n\t    <\/div>\n\n\t    <div class=\"content-back\">\n\n\t    \t\t        \t<a href=\"https:\/\/sidi.devokind.tech\/en\/apartment\/villa-palmera\/\" title=\"Villa PALMERA (In progress)\">\n\t\t    \t\n\n\t\t\t\t<h3 class=\"title\">\n\t\t\t\t\tVilla PALMERA (In progress)\t\t\t\t<\/h3>\n\t\t\t\t\n\t\t\t\t\t\t\t<\/a>\n\t\t    \t\n\n\t\t    \n        \t\t                    \n                    <div class=\"item item-0\">\n                    \t\t\t\t\t\t\t\t<span class=\"value\">\n\t\t\t\t\t\t\t\t4\t\t\t\t\t\t\t\t\t\t\t\t\t\t\t<\/span>\n\t\t\t\t\t\t\n\t\t\t\t\t\t\t\t\t\t\t\t\t<span class=\"label\">\n\t\t\t\t\t\t\t\tBedrooms\t\n\t\t\t\t\t\t\t<\/span>\n\t\t\t\t\t\t\t\n\t\t\t\t\t<\/div>\n\n\t\t\t\t                    \n                    <div class=\"item item-1\">\n                    \t\t\t\t\t\t\t\t<span class=\"value\">\n\t\t\t\t\t\t\t\t2\t\t\t\t\t\t\t\t\t\t\t\t\t\t\t<\/span>\n\t\t\t\t\t\t\n\t\t\t\t\t\t\t\t\t\t\t\t\t<span class=\"label\">\n\t\t\t\t\t\t\t\tLiving rooms\t\n\t\t\t\t\t\t\t<\/span>\n\t\t\t\t\t\t\t\n\t\t\t\t\t<\/div>\n\n\t\t\t\t                    \n                    <div class=\"item item-2\">\n                    \t\t\t\t\t\t\t\t<span class=\"value\">\n\t\t\t\t\t\t\t\t2 cars\t\t\t\t\t\t\t\t\t\t\t\t\t\t\t<\/span>\n\t\t\t\t\t\t\n\t\t\t\t\t\t\t\t\t\t\t\t\t<span class=\"label\">\n\t\t\t\t\t\t\t\tParking\t\n\t\t\t\t\t\t\t<\/span>\n\t\t\t\t\t\t\t\n\t\t\t\t\t<\/div>\n\n\t\t\t\t\n            \n\t\t\t\n\t        \t<a href=\"https:\/\/sidi.devokind.tech\/en\/apartment\/villa-palmera\/\" title=\"Villa PALMERA (In progress)\">\n\t\t\t\t\t<div class=\"icon\">\n\t\t\t\t    \t<i aria-hidden=\"true\" class=\"flaticon flaticon-right-arrow\"><\/i>\t\n\t\t\t\t\t<\/div>\n\t\t\t\t<\/a>\n\t\t\t\t\n\t\t    \t\n\t\t\t\t\n\t    <\/div>\t\n\n\t<\/div>\n\n<\/div>\n\t\t\t\n<div class=\"ova-apartment-item item-template1\">\n\n\t<div class=\"ova-media\">\n\n\t\t<div class=\"content-front\">\n\n\t\t\t<div class=\"apartment-img\">\n\t\t\t\t<img decoding=\"async\" src=\"https:\/\/sidi.devokind.tech\/wp-content\/uploads\/2024\/03\/Final_Photo-44-768x660.jpg\" alt=\"Les r\u00e9sidences ETOILE (A venir)\">\n\t\t\t<\/div>\n            \n            <div class=\"info\">\n                <h3 class=\"title\">\n\t\t\t\t\tLes r\u00e9sidences ETOILE (A venir)\t\t\t\t<\/h3>\t\n\t\t\t\t\t\t\t\t\t\n\t\t        \t\t\t\t\t\t\t\t\t\n\t\t\t\t\t\t\t\t\t\t\t\t\t\t\t<span class=\"info-list-item-fixed\">\t\t\n\t\t\t\t\t\t\t\t\t3 \t\t\t\t\t\t\t\t<\/span>\n\t\t\t\t\t\t\t\t\t\t\t\t\t\t\n\t\t\t\t\t\t\t\t\t\t\t\t\t\n\t\t\t\t\t\t\t\t\t\t\t\t\t\t\t\t\t\t\t\t\t\t<span class=\"info-list-item\">\t\t\n\t\t\t\t\t\t\t\t\t1 Living room\t\t\t\t\t\t\t\t<\/span>\n\t\t\t\t\t\t\t\n\t\t\t\t\t\t\t\t\t\t\t\t\t\n\t\t\t\t\t\t\t\t\t\t\t\t\t\t\n\t\t\t\t\t\t\t\t\t\t\t\t\t\n\t\t\t\t\t\t\t\t\t\t\t\t\t\t\n\t\t\t\t\t\t       \n\t\t\t\t\t\n\t\t\t\t\t \t\n            <\/div>\n\n\t    <\/div>\n\n\t    <div class=\"content-back\">\n\n\t    \t\t        \t<a href=\"https:\/\/sidi.devokind.tech\/en\/apartment\/les-residences-etoile\/\" title=\"Les r\u00e9sidences ETOILE (A venir)\">\n\t\t    \t\n\n\t\t\t\t<h3 class=\"title\">\n\t\t\t\t\tLes r\u00e9sidences ETOILE (A venir)\t\t\t\t<\/h3>\n\t\t\t\t\n\t\t\t\t\t\t\t<\/a>\n\t\t    \t\n\n\t\t    \n        \t\t                    \n                    <div class=\"item item-0\">\n                    \t\t\t\t\t\t\t\t<span class=\"value\">\n\t\t\t\t\t\t\t\t3\t\t\t\t\t\t\t\t\t\t\t\t\t\t\t<\/span>\n\t\t\t\t\t\t\n\t\t\t\t\t\t\t\t\t\t\t\t\t<span class=\"label\">\n\t\t\t\t\t\t\t\tBedrooms\t\n\t\t\t\t\t\t\t<\/span>\n\t\t\t\t\t\t\t\n\t\t\t\t\t<\/div>\n\n\t\t\t\t                    \n                    <div class=\"item item-1\">\n                    \t\t\t\t\t\t\t\t<span class=\"value\">\n\t\t\t\t\t\t\t\t1\t\t\t\t\t\t\t\t\t\t\t\t\t\t\t<\/span>\n\t\t\t\t\t\t\n\t\t\t\t\t\t\t\t\t\t\t\t\t<span class=\"label\">\n\t\t\t\t\t\t\t\tLiving room\t\n\t\t\t\t\t\t\t<\/span>\n\t\t\t\t\t\t\t\n\t\t\t\t\t<\/div>\n\n\t\t\t\t                    \n                    <div class=\"item item-2\">\n                    \t\t\t\t\t\t\t\t<span class=\"value\">\n\t\t\t\t\t\t\t\t3\t\t\t\t\t\t\t\t\t\t\t\t\t\t\t<\/span>\n\t\t\t\t\t\t\n\t\t\t\t\t\t\t\t\t\t\t\t\t<span class=\"label\">\n\t\t\t\t\t\t\t\tWet rooms\t\n\t\t\t\t\t\t\t<\/span>\n\t\t\t\t\t\t\t\n\t\t\t\t\t<\/div>\n\n\t\t\t\t\n            \n\t\t\t\n\t        \t<a href=\"https:\/\/sidi.devokind.tech\/en\/apartment\/les-residences-etoile\/\" title=\"Les r\u00e9sidences ETOILE (A venir)\">\n\t\t\t\t\t<div class=\"icon\">\n\t\t\t\t    \t<i aria-hidden=\"true\" class=\"flaticon flaticon-right-arrow\"><\/i>\t\n\t\t\t\t\t<\/div>\n\t\t\t\t<\/a>\n\t\t\t\t\n\t\t    \t\n\t\t\t\t\n\t    <\/div>\t\n\n\t<\/div>\n\n<\/div>\n\t\t\t\n<div class=\"ova-apartment-item item-template1\">\n\n\t<div class=\"ova-media\">\n\n\t\t<div class=\"content-front\">\n\n\t\t\t<div class=\"apartment-img\">\n\t\t\t\t<img decoding=\"async\" src=\"https:\/\/sidi.devokind.tech\/wp-content\/uploads\/2024\/03\/Labella2-768x660.jpg\" alt=\"Villa LA BELLA\">\n\t\t\t<\/div>\n            \n            <div class=\"info\">\n                <h3 class=\"title\">\n\t\t\t\t\tVilla LA BELLA\t\t\t\t<\/h3>\t\n\t\t\t\t\t\t\t\t\t\n\t\t        \t\t\t\t\t\t\t\t\t\n\t\t\t\t\t\t\t\t\t\t\t\t\t\t\t<span class=\"info-list-item-fixed\">\t\t\n\t\t\t\t\t\t\t\t\t3 \t\t\t\t\t\t\t\t<\/span>\n\t\t\t\t\t\t\t\t\t\t\t\t\t\t\n\t\t\t\t\t\t\t\t\t\t\t\t\t\n\t\t\t\t\t\t\t\t\t\t\t\t\t\t\t\t\t\t\t\t\t\t<span class=\"info-list-item\">\t\t\n\t\t\t\t\t\t\t\t\t2 Living rooms\t\t\t\t\t\t\t\t<\/span>\n\t\t\t\t\t\t\t\n\t\t\t\t\t\t\t\t\t\t\t\t\t\n\t\t\t\t\t\t\t\t\t\t\t\t\t\t\n\t\t\t\t\t\t\t\t\t\t\t\t\t\n\t\t\t\t\t\t\t\t\t\t\t\t\t\t\n\t\t\t\t\t\t\t\t\t\t\t\t\t\n\t\t\t\t\t\t\t\t\t\t\t\t\t\t\n\t\t\t\t\t\t\t\t\t\t\t\t\t\n\t\t\t\t\t\t\t\t\t\t\t\t\t\t\n\t\t\t\t\t\t\t\t\t\t\t\t\t\n\t\t\t\t\t\t\t\t\t\t\t\t\t\t\n\t\t\t\t\t\t       \n\t\t\t\t\t\n\t\t\t\t\t \t\n            <\/div>\n\n\t    <\/div>\n\n\t    <div class=\"content-back\">\n\n\t    \t\t        \t<a href=\"https:\/\/sidi.devokind.tech\/en\/apartment\/villa-la-bella\/\" title=\"Villa LA BELLA\">\n\t\t    \t\n\n\t\t\t\t<h3 class=\"title\">\n\t\t\t\t\tVilla LA BELLA\t\t\t\t<\/h3>\n\t\t\t\t\n\t\t\t\t\t\t\t<\/a>\n\t\t    \t\n\n\t\t    \n        \t\t                    \n                    <div class=\"item item-0\">\n                    \t\t\t\t\t\t\t\t<span class=\"value\">\n\t\t\t\t\t\t\t\t3\t\t\t\t\t\t\t\t\t\t\t\t\t\t\t<\/span>\n\t\t\t\t\t\t\n\t\t\t\t\t\t\t\t\t\t\t\t\t<span class=\"label\">\n\t\t\t\t\t\t\t\tBedrooms\t\n\t\t\t\t\t\t\t<\/span>\n\t\t\t\t\t\t\t\n\t\t\t\t\t<\/div>\n\n\t\t\t\t                    \n                    <div class=\"item item-1\">\n                    \t\t\t\t\t\t\t\t<span class=\"value\">\n\t\t\t\t\t\t\t\t2\t\t\t\t\t\t\t\t\t\t\t\t\t\t\t<\/span>\n\t\t\t\t\t\t\n\t\t\t\t\t\t\t\t\t\t\t\t\t<span class=\"label\">\n\t\t\t\t\t\t\t\tLiving rooms\t\n\t\t\t\t\t\t\t<\/span>\n\t\t\t\t\t\t\t\n\t\t\t\t\t<\/div>\n\n\t\t\t\t                    \n                    <div class=\"item item-2\">\n                    \t\t\t\t\t\t\t\t<span class=\"value\">\n\t\t\t\t\t\t\t\t4\t\t\t\t\t\t\t\t\t\t\t\t\t\t\t<\/span>\n\t\t\t\t\t\t\n\t\t\t\t\t\t\t\t\t\t\t\t\t<span class=\"label\">\n\t\t\t\t\t\t\t\tWet rooms\t\n\t\t\t\t\t\t\t<\/span>\n\t\t\t\t\t\t\t\n\t\t\t\t\t<\/div>\n\n\t\t\t\t\n            \n\t\t\t\n\t        \t<a href=\"https:\/\/sidi.devokind.tech\/en\/apartment\/villa-la-bella\/\" title=\"Villa LA BELLA\">\n\t\t\t\t\t<div class=\"icon\">\n\t\t\t\t    \t<i aria-hidden=\"true\" class=\"flaticon flaticon-right-arrow\"><\/i>\t\n\t\t\t\t\t<\/div>\n\t\t\t\t<\/a>\n\t\t\t\t\n\t\t    \t\n\t\t\t\t\n\t    <\/div>\t\n\n\t<\/div>\n\n<\/div>\n\t\t\t\n<div class=\"ova-apartment-item item-template1\">\n\n\t<div class=\"ova-media\">\n\n\t\t<div class=\"content-front\">\n\n\t\t\t<div class=\"apartment-img\">\n\t\t\t\t<img decoding=\"async\" src=\"https:\/\/sidi.devokind.tech\/wp-content\/uploads\/2024\/07\/Roma1-768x660.jpg\" alt=\"Villa ROMA\">\n\t\t\t<\/div>\n            \n            <div class=\"info\">\n                <h3 class=\"title\">\n\t\t\t\t\tVilla ROMA\t\t\t\t<\/h3>\t\n\t\t\t\t\t\t\t\t\t\n\t\t        \t\t\t\t\t\t\t\t\t\n\t\t\t\t\t\t\t\t\t\t\t\t\t\t\t<span class=\"info-list-item-fixed\">\t\t\n\t\t\t\t\t\t\t\t\t4 \t\t\t\t\t\t\t\t<\/span>\n\t\t\t\t\t\t\t\t\t\t\t\t\t\t\n\t\t\t\t\t\t\t\t\t\t\t\t\t\n\t\t\t\t\t\t\t\t\t\t\t\t\t\t\t\t\t\t\t\t\t\t<span class=\"info-list-item\">\t\t\n\t\t\t\t\t\t\t\t\t1 Living room\t\t\t\t\t\t\t\t<\/span>\n\t\t\t\t\t\t\t\n\t\t\t\t\t\t\t\t\t\t\t\t\t\n\t\t\t\t\t\t\t\t\t\t\t\t\t\t\n\t\t\t\t\t\t\t\t\t\t\t\t\t\n\t\t\t\t\t\t\t\t\t\t\t\t\t\t\n\t\t\t\t\t\t\t\t\t\t\t\t\t\n\t\t\t\t\t\t\t\t\t\t\t\t\t\t\n\t\t\t\t\t\t       \n\t\t\t\t\t\n\t\t\t\t\t \t\n            <\/div>\n\n\t    <\/div>\n\n\t    <div class=\"content-back\">\n\n\t    \t\t        \t<a href=\"https:\/\/sidi.devokind.tech\/en\/apartment\/villa-roma\/\" title=\"Villa ROMA\">\n\t\t    \t\n\n\t\t\t\t<h3 class=\"title\">\n\t\t\t\t\tVilla ROMA\t\t\t\t<\/h3>\n\t\t\t\t\n\t\t\t\t\t\t\t<\/a>\n\t\t    \t\n\n\t\t    \n        \t\t                    \n                    <div class=\"item item-0\">\n                    \t\t\t\t\t\t\t\t<span class=\"value\">\n\t\t\t\t\t\t\t\t4\t\t\t\t\t\t\t\t\t\t\t\t\t\t\t<\/span>\n\t\t\t\t\t\t\n\t\t\t\t\t\t\t\t\t\t\t\t\t<span class=\"label\">\n\t\t\t\t\t\t\t\tBedrooms\t\n\t\t\t\t\t\t\t<\/span>\n\t\t\t\t\t\t\t\n\t\t\t\t\t<\/div>\n\n\t\t\t\t                    \n                    <div class=\"item item-1\">\n                    \t\t\t\t\t\t\t\t<span class=\"value\">\n\t\t\t\t\t\t\t\t1\t\t\t\t\t\t\t\t\t\t\t\t\t\t\t<\/span>\n\t\t\t\t\t\t\n\t\t\t\t\t\t\t\t\t\t\t\t\t<span class=\"label\">\n\t\t\t\t\t\t\t\tLiving room\t\n\t\t\t\t\t\t\t<\/span>\n\t\t\t\t\t\t\t\n\t\t\t\t\t<\/div>\n\n\t\t\t\t                    \n                    <div class=\"item item-2\">\n                    \t\t\t\t\t\t\t\t<span class=\"value\">\n\t\t\t\t\t\t\t\t3\t\t\t\t\t\t\t\t\t\t\t\t\t\t\t<\/span>\n\t\t\t\t\t\t\n\t\t\t\t\t\t\t\t\t\t\t\t\t<span class=\"label\">\n\t\t\t\t\t\t\t\tToilets\t\n\t\t\t\t\t\t\t<\/span>\n\t\t\t\t\t\t\t\n\t\t\t\t\t<\/div>\n\n\t\t\t\t\n            \n\t\t\t\n\t        \t<a href=\"https:\/\/sidi.devokind.tech\/en\/apartment\/villa-roma\/\" title=\"Villa ROMA\">\n\t\t\t\t\t<div class=\"icon\">\n\t\t\t\t    \t<i aria-hidden=\"true\" class=\"flaticon flaticon-right-arrow\"><\/i>\t\n\t\t\t\t\t<\/div>\n\t\t\t\t<\/a>\n\t\t\t\t\n\t\t    \t\n\t\t\t\t\n\t    <\/div>\t\n\n\t<\/div>\n\n<\/div>\n\t\t\t\n<div class=\"ova-apartment-item item-template1\">\n\n\t<div class=\"ova-media\">\n\n\t\t<div class=\"content-front\">\n\n\t\t\t<div class=\"apartment-img\">\n\t\t\t\t<img decoding=\"async\" src=\"https:\/\/sidi.devokind.tech\/wp-content\/uploads\/2024\/03\/WhatsApp-Image-2024-09-04-at-14.02.16-768x660.jpeg\" alt=\"Villa BAOBAB\">\n\t\t\t<\/div>\n            \n            <div class=\"info\">\n                <h3 class=\"title\">\n\t\t\t\t\tVilla BAOBAB\t\t\t\t<\/h3>\t\n\t\t\t\t\t\t\t\t\t\n\t\t        \t\t\t\t\t\t\t\t\t\n\t\t\t\t\t\t\t\t\t\t\t\t\t\t\t<span class=\"info-list-item-fixed\">\t\t\n\t\t\t\t\t\t\t\t\t4 \t\t\t\t\t\t\t\t<\/span>\n\t\t\t\t\t\t\t\t\t\t\t\t\t\t\n\t\t\t\t\t\t\t\t\t\t\t\t\t\n\t\t\t\t\t\t\t\t\t\t\t\t\t\t\t\t\t\t\t\t\t\t<span class=\"info-list-item\">\t\t\n\t\t\t\t\t\t\t\t\t2 Living rooms\t\t\t\t\t\t\t\t<\/span>\n\t\t\t\t\t\t\t\n\t\t\t\t\t\t\t\t\t\t\t\t\t\n\t\t\t\t\t\t\t\t\t\t\t\t\t\t\n\t\t\t\t\t\t\t\t\t\t\t\t\t\n\t\t\t\t\t\t\t\t\t\t\t\t\t\t\n\t\t\t\t\t\t\t\t\t\t\t\t\t\n\t\t\t\t\t\t\t\t\t\t\t\t\t\t\n\t\t\t\t\t\t\t\t\t\t\t\t\t\n\t\t\t\t\t\t\t\t\t\t\t\t\t\t\n\t\t\t\t\t\t\t\t\t\t\t\t\t\n\t\t\t\t\t\t\t\t\t\t\t\t\t\t\n\t\t\t\t\t\t\t\t\t\t\t\t\t\n\t\t\t\t\t\t\t\t\t\t\t\t\t\t\n\t\t\t\t\t\t       \n\t\t\t\t\t\n\t\t\t\t\t \t\n            <\/div>\n\n\t    <\/div>\n\n\t    <div class=\"content-back\">\n\n\t    \t\t        \t<a href=\"https:\/\/sidi.devokind.tech\/en\/apartment\/villa-baobab\/\" title=\"Villa BAOBAB\">\n\t\t    \t\n\n\t\t\t\t<h3 class=\"title\">\n\t\t\t\t\tVilla BAOBAB\t\t\t\t<\/h3>\n\t\t\t\t\n\t\t\t\t\t\t\t<\/a>\n\t\t    \t\n\n\t\t    \n        \t\t                    \n                    <div class=\"item item-0\">\n                    \t\t\t\t\t\t\t\t<span class=\"value\">\n\t\t\t\t\t\t\t\t4\t\t\t\t\t\t\t\t\t\t\t\t\t\t\t<\/span>\n\t\t\t\t\t\t\n\t\t\t\t\t\t\t\t\t\t\t\t\t<span class=\"label\">\n\t\t\t\t\t\t\t\tBedrooms\t\n\t\t\t\t\t\t\t<\/span>\n\t\t\t\t\t\t\t\n\t\t\t\t\t<\/div>\n\n\t\t\t\t                    \n                    <div class=\"item item-1\">\n                    \t\t\t\t\t\t\t\t<span class=\"value\">\n\t\t\t\t\t\t\t\t2\t\t\t\t\t\t\t\t\t\t\t\t\t\t\t<\/span>\n\t\t\t\t\t\t\n\t\t\t\t\t\t\t\t\t\t\t\t\t<span class=\"label\">\n\t\t\t\t\t\t\t\tLiving rooms\t\n\t\t\t\t\t\t\t<\/span>\n\t\t\t\t\t\t\t\n\t\t\t\t\t<\/div>\n\n\t\t\t\t                    \n                    <div class=\"item item-2\">\n                    \t\t\t\t\t\t\t\t<span class=\"value\">\n\t\t\t\t\t\t\t\t5\t\t\t\t\t\t\t\t\t\t\t\t\t\t\t<\/span>\n\t\t\t\t\t\t\n\t\t\t\t\t\t\t\t\t\t\t\t\t<span class=\"label\">\n\t\t\t\t\t\t\t\tWet rooms\t\n\t\t\t\t\t\t\t<\/span>\n\t\t\t\t\t\t\t\n\t\t\t\t\t<\/div>\n\n\t\t\t\t\n            \n\t\t\t\n\t        \t<a href=\"https:\/\/sidi.devokind.tech\/en\/apartment\/villa-baobab\/\" title=\"Villa BAOBAB\">\n\t\t\t\t\t<div class=\"icon\">\n\t\t\t\t    \t<i aria-hidden=\"true\" class=\"flaticon flaticon-right-arrow\"><\/i>\t\n\t\t\t\t\t<\/div>\n\t\t\t\t<\/a>\n\t\t\t\t\n\t\t    \t\n\t\t\t\t\n\t    <\/div>\t\n\n\t<\/div>\n\n<\/div>\n<\/div>\t\t<\/div>\n\t\t\t\t<\/div>\n\t\t\t\t\t<\/div>\n\t\t<\/div>\n\t\t\t\t\t<\/div>\n\t\t<\/section>\n\t\t\t\t<\/div>","protected":false},"excerpt":{"rendered":"<p>Villa IVOIRE 4 1 S\u00e9jour Villa IVOIRE 4 Chambres 1 S\u00e9jour 3 Toilettes Villa VICTORIA 2 1 S\u00e9jour Villa VICTORIA 2 Chambres 1 S\u00e9jour 2 Toilettes Villa BAOBAB Version 2 4 2 Salons Villa BAOBAB Version 2 4 Chambres 2 Salons 5 Salle d&#039;eau Villa PALMERA (En cours) 4 1 Salons Villa PALMERA (En cours) [&hellip;]<\/p>","protected":false},"author":1,"featured_media":0,"parent":0,"menu_order":0,"comment_status":"closed","ping_status":"closed","template":"elementor_header_footer","meta":{"footnotes":""},"_links":{"self":[{"href":"https:\/\/sidi.devokind.tech\/en\/wp-json\/wp\/v2\/pages\/5963"}],"collection":[{"href":"https:\/\/sidi.devokind.tech\/en\/wp-json\/wp\/v2\/pages"}],"about":[{"href":"https:\/\/sidi.devokind.tech\/en\/wp-json\/wp\/v2\/types\/page"}],"author":[{"embeddable":true,"href":"https:\/\/sidi.devokind.tech\/en\/wp-json\/wp\/v2\/users\/1"}],"replies":[{"embeddable":true,"href":"https:\/\/sidi.devokind.tech\/en\/wp-json\/wp\/v2\/comments?post=5963"}],"version-history":[{"count":4,"href":"https:\/\/sidi.devokind.tech\/en\/wp-json\/wp\/v2\/pages\/5963\/revisions"}],"predecessor-version":[{"id":6313,"href":"https:\/\/sidi.devokind.tech\/en\/wp-json\/wp\/v2\/pages\/5963\/revisions\/6313"}],"wp:attachment":[{"href":"https:\/\/sidi.devokind.tech\/en\/wp-json\/wp\/v2\/media?parent=5963"}],"curies":[{"name":"wp","href":"https:\/\/api.w.org\/{rel}","templated":true}]}}